{"id":33,"date":"2026-02-18T10:33:06","date_gmt":"2026-02-18T10:33:06","guid":{"rendered":"https:\/\/ctuwqxg.cluster121.hosting.ovh.net\/index.php\/pricing\/"},"modified":"2026-03-26T18:52:51","modified_gmt":"2026-03-26T18:52:51","slug":"pricing","status":"publish","type":"page","link":"https:\/\/www.chezvivi-optique.fr\/index.php\/pricing\/","title":{"rendered":"Contact &#038; RDV"},"content":{"rendered":"\t\t<div data-elementor-type=\"wp-page\" data-elementor-id=\"33\" class=\"elementor elementor-33\" data-elementor-post-type=\"page\">\n\t\t\t\t<div class=\"elementor-element elementor-element-29106e80 e-flex e-con-boxed e-con e-parent\" data-id=\"29106e80\" data-element_type=\"container\" data-e-type=\"container\">\n\t\t\t\t\t<div class=\"e-con-inner\">\n\t\t<div class=\"elementor-element elementor-element-505b908 e-con-full e-flex e-con e-child\" data-id=\"505b908\" data-element_type=\"container\" data-e-type=\"container\">\n\t\t\t\t<div class=\"elementor-element elementor-element-3baa33ac elementor-invisible elementor-widget elementor-widget-heading\" data-id=\"3baa33ac\" data-element_type=\"widget\" data-e-type=\"widget\" data-settings=\"{&quot;_animation&quot;:&quot;fadeIn&quot;}\" data-widget_type=\"heading.default\">\n\t\t\t\t\t<h1 class=\"elementor-heading-title elementor-size-default\">Contactez-nous en 1 clic !<\/h1>\t\t\t\t<\/div>\n\t\t<div class=\"elementor-element elementor-element-44e21569 e-con-full e-flex e-con e-child\" data-id=\"44e21569\" data-element_type=\"container\" data-e-type=\"container\">\n\t\t\t\t<div class=\"elementor-element elementor-element-7b11f4eb elementor-widget elementor-widget-button\" data-id=\"7b11f4eb\" data-element_type=\"widget\" data-e-type=\"widget\" data-widget_type=\"button.default\">\n\t\t\t\t\t\t\t\t\t\t<a class=\"elementor-button elementor-button-link elementor-size-md\" href=\"https:\/\/annuaire-opticien.essilor.fr\/opticiens\/rhone-alpes\/rhone\/69006\/71556\" target=\"_blank\">\n\t\t\t\t\t\t<span class=\"elementor-button-content-wrapper\">\n\t\t\t\t\t\t\t\t\t<span class=\"elementor-button-text\">Prise de RDV<\/span>\n\t\t\t\t\t<\/span>\n\t\t\t\t\t<\/a>\n\t\t\t\t\t\t\t\t<\/div>\n\t\t\t\t<\/div>\n\t\t\t\t<div class=\"elementor-element elementor-element-2102084 elementor-widget elementor-widget-heading\" data-id=\"2102084\" data-element_type=\"widget\" data-e-type=\"widget\" data-widget_type=\"heading.default\">\n\t\t\t\t\t<h4 class=\"elementor-heading-title elementor-size-default\">Vivi se d\u00e9place \u00e9galement \u00e0 domicile selon vos besoins, n'h\u00e9sitez pas \u00e0 la contacter pour pr\u00e9ciser votre demande ou si vous avez une question \ud83d\ude42 <\/h4>\t\t\t\t<\/div>\n\t\t\t\t<\/div>\n\t\t<div class=\"elementor-element elementor-element-72d24a1b e-con-full e-flex e-con e-child\" data-id=\"72d24a1b\" data-element_type=\"container\" data-e-type=\"container\">\n\t\t<div class=\"elementor-element elementor-element-4ad10b4f e-con-full e-flex e-con e-child\" data-id=\"4ad10b4f\" data-element_type=\"container\" data-e-type=\"container\">\n\t\t\t\t<div class=\"elementor-element elementor-element-11386c2 elementor-button-align-stretch elementor-widget elementor-widget-form\" data-id=\"11386c2\" data-element_type=\"widget\" data-e-type=\"widget\" data-settings=\"{&quot;step_next_label&quot;:&quot;Suivant&quot;,&quot;step_previous_label&quot;:&quot;Pr\\u00e9c\\u00e9dent&quot;,&quot;button_width&quot;:&quot;100&quot;,&quot;step_type&quot;:&quot;number_text&quot;,&quot;step_icon_shape&quot;:&quot;circle&quot;}\" data-widget_type=\"form.default\">\n\t\t\t\t\t\t\t<form class=\"elementor-form\" method=\"post\" name=\"Nouveau formulaire\" aria-label=\"Nouveau formulaire\">\n\t\t\t<input type=\"hidden\" name=\"post_id\" value=\"33\"\/>\n\t\t\t<input type=\"hidden\" name=\"form_id\" value=\"11386c2\"\/>\n\t\t\t<input type=\"hidden\" name=\"referer_title\" value=\"Chez Vivi &#8211; Opticien Lunetier\" \/>\n\n\t\t\t\n\t\t\t<div class=\"elementor-form-fields-wrapper elementor-labels-above\">\n\t\t\t\t\t\t\t\t<div class=\"elementor-field-type-text elementor-field-group elementor-column elementor-field-group-field_d7b5e5b elementor-col-50\">\n\t\t\t\t\t\t\t\t\t\t\t\t\t<input size=\"1\" type=\"text\" name=\"form_fields[field_d7b5e5b]\" id=\"form-field-field_d7b5e5b\" class=\"elementor-field elementor-size-sm  elementor-field-textual\" placeholder=\"Pr\u00e9nom\">\n\t\t\t\t\t\t\t\t\t\t\t<\/div>\n\t\t\t\t\t\t\t\t<div class=\"elementor-field-type-text elementor-field-group elementor-column elementor-field-group-name elementor-col-50\">\n\t\t\t\t\t\t\t\t\t\t\t\t\t<input size=\"1\" type=\"text\" name=\"form_fields[name]\" id=\"form-field-name\" class=\"elementor-field elementor-size-sm  elementor-field-textual\" placeholder=\"Nom\">\n\t\t\t\t\t\t\t\t\t\t\t<\/div>\n\t\t\t\t\t\t\t\t<div class=\"elementor-field-type-tel elementor-field-group elementor-column elementor-field-group-email elementor-col-100\">\n\t\t\t\t\t\t\t<input size=\"1\" type=\"tel\" name=\"form_fields[email]\" id=\"form-field-email\" class=\"elementor-field elementor-size-sm  elementor-field-textual\" placeholder=\"T\u00e9l\u00e9phone\" pattern=\"[0-9()#&amp;+*-=.]+\" title=\"Seuls les caract\u00e8res de num\u00e9ros de t\u00e9l\u00e9phone (#, -, *, etc.) sont accept\u00e9s.\">\n\n\t\t\t\t\t\t<\/div>\n\t\t\t\t\t\t\t\t<div class=\"elementor-field-type-email elementor-field-group elementor-column elementor-field-group-field_26fc8ad elementor-col-100 elementor-field-required elementor-mark-required\">\n\t\t\t\t\t\t\t\t\t\t\t\t\t<input size=\"1\" type=\"email\" name=\"form_fields[field_26fc8ad]\" id=\"form-field-field_26fc8ad\" class=\"elementor-field elementor-size-sm  elementor-field-textual\" placeholder=\"E-mail\" required=\"required\">\n\t\t\t\t\t\t\t\t\t\t\t<\/div>\n\t\t\t\t\t\t\t\t<div class=\"elementor-field-type-textarea elementor-field-group elementor-column elementor-field-group-message elementor-col-100\">\n\t\t\t\t\t\t\t\t\t\t\t\t<label for=\"form-field-message\" class=\"elementor-field-label\">\n\t\t\t\t\t\t\t\tD\u00eetes-nous tout :\t\t\t\t\t\t\t<\/label>\n\t\t\t\t\t\t<textarea class=\"elementor-field-textual elementor-field  elementor-size-sm\" name=\"form_fields[message]\" id=\"form-field-message\" rows=\"4\" placeholder=\"Message\"><\/textarea>\t\t\t\t<\/div>\n\t\t\t\t\t\t\t\t<div class=\"elementor-field-type-acceptance elementor-field-group elementor-column elementor-field-group-field_79a2eca elementor-col-100\">\n\t\t\t\t\t\t\t\t\t\t\t\t<label for=\"form-field-field_79a2eca\" class=\"elementor-field-label\">\n\t\t\t\t\t\t\t\tJe souhaite \u00eatre recontact\u00e9(e) par t\u00e9l\u00e9phone\t\t\t\t\t\t\t<\/label>\n\t\t\t\t\t\t\t\t<div class=\"elementor-field-subgroup\">\n\t\t\t<span class=\"elementor-field-option\">\n\t\t\t\t<input type=\"checkbox\" name=\"form_fields[field_79a2eca]\" id=\"form-field-field_79a2eca\" class=\"elementor-field elementor-size-sm  elementor-acceptance-field\">\n\t\t\t\t\t\t\t<\/span>\n\t\t<\/div>\n\t\t\t\t\t\t<\/div>\n\t\t\t\t\t\t\t\t<div class=\"elementor-field-group elementor-column elementor-field-type-submit elementor-col-100 e-form__buttons\">\n\t\t\t\t\t<button class=\"elementor-button elementor-size-sm\" type=\"submit\">\n\t\t\t\t\t\t<span class=\"elementor-button-content-wrapper\">\n\t\t\t\t\t\t\t\t\t\t\t\t\t\t\t\t\t\t\t\t\t\t<span class=\"elementor-button-text\">Envoyer<\/span>\n\t\t\t\t\t\t\t\t\t\t\t\t\t<\/span>\n\t\t\t\t\t<\/button>\n\t\t\t\t<\/div>\n\t\t\t<\/div>\n\t\t<\/form>\n\t\t\t\t\t\t<\/div>\n\t\t\t\t<\/div>\n\t\t\t\t<\/div>\n\t\t\t\t\t<\/div>\n\t\t\t\t<\/div>\n\t\t\t\t<\/div>\n\t\t","protected":false},"excerpt":{"rendered":"<p>Contactez-nous en 1 clic ! Prise de RDV Vivi se d\u00e9place \u00e9galement \u00e0 domicile selon vos besoins, n&rsquo;h\u00e9sitez pas \u00e0 la contacter pour pr\u00e9ciser votre demande ou si vous avez une question \ud83d\ude42<\/p>\n","protected":false},"author":1,"featured_media":39,"parent":0,"menu_order":0,"comment_status":"closed","ping_status":"closed","template":"elementor_header_footer","meta":{"footnotes":""},"class_list":["post-33","page","type-page","status-publish","has-post-thumbnail","hentry"],"yoast_head":"<!-- This site is optimized with the Yoast SEO plugin v27.1.1 - https:\/\/yoast.com\/product\/yoast-seo-wordpress\/ -->\n<title>Contact &amp; RDV - Chez Vivi - Opticien Lunetier<\/title>\n<meta name=\"robots\" content=\"index, follow, max-snippet:-1, max-image-preview:large, max-video-preview:-1\" \/>\n<link rel=\"canonical\" href=\"https:\/\/www.chezvivi-optique.fr\/index.php\/pricing\/\" \/>\n<meta property=\"og:locale\" content=\"fr_FR\" \/>\n<meta property=\"og:type\" content=\"article\" \/>\n<meta property=\"og:title\" content=\"Contact &amp; RDV - Chez Vivi - Opticien Lunetier\" \/>\n<meta property=\"og:description\" content=\"Contactez-nous en 1 clic ! Prise de RDV Vivi se d\u00e9place \u00e9galement \u00e0 domicile selon vos besoins, n&rsquo;h\u00e9sitez pas \u00e0 la contacter pour pr\u00e9ciser votre demande ou si vous avez une question \ud83d\ude42\" \/>\n<meta property=\"og:url\" content=\"https:\/\/www.chezvivi-optique.fr\/index.php\/pricing\/\" \/>\n<meta property=\"og:site_name\" content=\"Chez Vivi - Opticien Lunetier\" \/>\n<meta property=\"article:modified_time\" content=\"2026-03-26T18:52:51+00:00\" \/>\n<meta property=\"og:image\" content=\"https:\/\/www.chezvivi-optique.fr\/wp-content\/uploads\/2026\/02\/Pricing.jpg\" \/>\n\t<meta property=\"og:image:width\" content=\"400\" \/>\n\t<meta property=\"og:image:height\" content=\"380\" \/>\n\t<meta property=\"og:image:type\" content=\"image\/jpeg\" \/>\n<meta name=\"twitter:card\" content=\"summary_large_image\" \/>\n<meta name=\"twitter:label1\" content=\"Dur\u00e9e de lecture estim\u00e9e\" \/>\n\t<meta name=\"twitter:data1\" content=\"1 minute\" \/>\n<script type=\"application\/ld+json\" class=\"yoast-schema-graph\">{\"@context\":\"https:\/\/schema.org\",\"@graph\":[{\"@type\":\"WebPage\",\"@id\":\"https:\/\/www.chezvivi-optique.fr\/index.php\/pricing\/\",\"url\":\"https:\/\/www.chezvivi-optique.fr\/index.php\/pricing\/\",\"name\":\"Contact & RDV - Chez Vivi - Opticien Lunetier\",\"isPartOf\":{\"@id\":\"https:\/\/www.chezvivi-optique.fr\/#website\"},\"primaryImageOfPage\":{\"@id\":\"https:\/\/www.chezvivi-optique.fr\/index.php\/pricing\/#primaryimage\"},\"image\":{\"@id\":\"https:\/\/www.chezvivi-optique.fr\/index.php\/pricing\/#primaryimage\"},\"thumbnailUrl\":\"https:\/\/www.chezvivi-optique.fr\/wp-content\/uploads\/2026\/02\/Pricing.jpg\",\"datePublished\":\"2026-02-18T10:33:06+00:00\",\"dateModified\":\"2026-03-26T18:52:51+00:00\",\"breadcrumb\":{\"@id\":\"https:\/\/www.chezvivi-optique.fr\/index.php\/pricing\/#breadcrumb\"},\"inLanguage\":\"fr-FR\",\"potentialAction\":[{\"@type\":\"ReadAction\",\"target\":[\"https:\/\/www.chezvivi-optique.fr\/index.php\/pricing\/\"]}]},{\"@type\":\"ImageObject\",\"inLanguage\":\"fr-FR\",\"@id\":\"https:\/\/www.chezvivi-optique.fr\/index.php\/pricing\/#primaryimage\",\"url\":\"https:\/\/www.chezvivi-optique.fr\/wp-content\/uploads\/2026\/02\/Pricing.jpg\",\"contentUrl\":\"https:\/\/www.chezvivi-optique.fr\/wp-content\/uploads\/2026\/02\/Pricing.jpg\",\"width\":400,\"height\":380},{\"@type\":\"BreadcrumbList\",\"@id\":\"https:\/\/www.chezvivi-optique.fr\/index.php\/pricing\/#breadcrumb\",\"itemListElement\":[{\"@type\":\"ListItem\",\"position\":1,\"name\":\"Accueil\",\"item\":\"https:\/\/www.chezvivi-optique.fr\/\"},{\"@type\":\"ListItem\",\"position\":2,\"name\":\"Contact &#038; RDV\"}]},{\"@type\":\"WebSite\",\"@id\":\"https:\/\/www.chezvivi-optique.fr\/#website\",\"url\":\"https:\/\/www.chezvivi-optique.fr\/\",\"name\":\"Chez Vivi - Opticien Lunetier\",\"description\":\"Votre opticien lyonnais pr\u00e9f\u00e9r\u00e9\",\"publisher\":{\"@id\":\"https:\/\/www.chezvivi-optique.fr\/#organization\"},\"potentialAction\":[{\"@type\":\"SearchAction\",\"target\":{\"@type\":\"EntryPoint\",\"urlTemplate\":\"https:\/\/www.chezvivi-optique.fr\/?s={search_term_string}\"},\"query-input\":{\"@type\":\"PropertyValueSpecification\",\"valueRequired\":true,\"valueName\":\"search_term_string\"}}],\"inLanguage\":\"fr-FR\"},{\"@type\":\"Organization\",\"@id\":\"https:\/\/www.chezvivi-optique.fr\/#organization\",\"name\":\"Chez Vivi - Opticien Lunetier\",\"url\":\"https:\/\/www.chezvivi-optique.fr\/\",\"logo\":{\"@type\":\"ImageObject\",\"inLanguage\":\"fr-FR\",\"@id\":\"https:\/\/www.chezvivi-optique.fr\/#\/schema\/logo\/image\/\",\"url\":\"https:\/\/www.chezvivi-optique.fr\/wp-content\/uploads\/2026\/02\/logo-baseline-longue-horizontal-beige@3x.png\",\"contentUrl\":\"https:\/\/www.chezvivi-optique.fr\/wp-content\/uploads\/2026\/02\/logo-baseline-longue-horizontal-beige@3x.png\",\"width\":1941,\"height\":588,\"caption\":\"Chez Vivi - Opticien Lunetier\"},\"image\":{\"@id\":\"https:\/\/www.chezvivi-optique.fr\/#\/schema\/logo\/image\/\"},\"sameAs\":[\"https:\/\/www.instagram.com\/chezvivi_optique\/\"]}]}<\/script>\n<!-- \/ Yoast SEO plugin. -->","yoast_head_json":{"title":"Contact & RDV - Chez Vivi - Opticien Lunetier","robots":{"index":"index","follow":"follow","max-snippet":"max-snippet:-1","max-image-preview":"max-image-preview:large","max-video-preview":"max-video-preview:-1"},"canonical":"https:\/\/www.chezvivi-optique.fr\/index.php\/pricing\/","og_locale":"fr_FR","og_type":"article","og_title":"Contact & RDV - Chez Vivi - Opticien Lunetier","og_description":"Contactez-nous en 1 clic ! Prise de RDV Vivi se d\u00e9place \u00e9galement \u00e0 domicile selon vos besoins, n&rsquo;h\u00e9sitez pas \u00e0 la contacter pour pr\u00e9ciser votre demande ou si vous avez une question \ud83d\ude42","og_url":"https:\/\/www.chezvivi-optique.fr\/index.php\/pricing\/","og_site_name":"Chez Vivi - Opticien Lunetier","article_modified_time":"2026-03-26T18:52:51+00:00","og_image":[{"width":400,"height":380,"url":"https:\/\/www.chezvivi-optique.fr\/wp-content\/uploads\/2026\/02\/Pricing.jpg","type":"image\/jpeg"}],"twitter_card":"summary_large_image","twitter_misc":{"Dur\u00e9e de lecture estim\u00e9e":"1 minute"},"schema":{"@context":"https:\/\/schema.org","@graph":[{"@type":"WebPage","@id":"https:\/\/www.chezvivi-optique.fr\/index.php\/pricing\/","url":"https:\/\/www.chezvivi-optique.fr\/index.php\/pricing\/","name":"Contact & RDV - Chez Vivi - Opticien Lunetier","isPartOf":{"@id":"https:\/\/www.chezvivi-optique.fr\/#website"},"primaryImageOfPage":{"@id":"https:\/\/www.chezvivi-optique.fr\/index.php\/pricing\/#primaryimage"},"image":{"@id":"https:\/\/www.chezvivi-optique.fr\/index.php\/pricing\/#primaryimage"},"thumbnailUrl":"https:\/\/www.chezvivi-optique.fr\/wp-content\/uploads\/2026\/02\/Pricing.jpg","datePublished":"2026-02-18T10:33:06+00:00","dateModified":"2026-03-26T18:52:51+00:00","breadcrumb":{"@id":"https:\/\/www.chezvivi-optique.fr\/index.php\/pricing\/#breadcrumb"},"inLanguage":"fr-FR","potentialAction":[{"@type":"ReadAction","target":["https:\/\/www.chezvivi-optique.fr\/index.php\/pricing\/"]}]},{"@type":"ImageObject","inLanguage":"fr-FR","@id":"https:\/\/www.chezvivi-optique.fr\/index.php\/pricing\/#primaryimage","url":"https:\/\/www.chezvivi-optique.fr\/wp-content\/uploads\/2026\/02\/Pricing.jpg","contentUrl":"https:\/\/www.chezvivi-optique.fr\/wp-content\/uploads\/2026\/02\/Pricing.jpg","width":400,"height":380},{"@type":"BreadcrumbList","@id":"https:\/\/www.chezvivi-optique.fr\/index.php\/pricing\/#breadcrumb","itemListElement":[{"@type":"ListItem","position":1,"name":"Accueil","item":"https:\/\/www.chezvivi-optique.fr\/"},{"@type":"ListItem","position":2,"name":"Contact &#038; RDV"}]},{"@type":"WebSite","@id":"https:\/\/www.chezvivi-optique.fr\/#website","url":"https:\/\/www.chezvivi-optique.fr\/","name":"Chez Vivi - Opticien Lunetier","description":"Votre opticien lyonnais pr\u00e9f\u00e9r\u00e9","publisher":{"@id":"https:\/\/www.chezvivi-optique.fr\/#organization"},"potentialAction":[{"@type":"SearchAction","target":{"@type":"EntryPoint","urlTemplate":"https:\/\/www.chezvivi-optique.fr\/?s={search_term_string}"},"query-input":{"@type":"PropertyValueSpecification","valueRequired":true,"valueName":"search_term_string"}}],"inLanguage":"fr-FR"},{"@type":"Organization","@id":"https:\/\/www.chezvivi-optique.fr\/#organization","name":"Chez Vivi - Opticien Lunetier","url":"https:\/\/www.chezvivi-optique.fr\/","logo":{"@type":"ImageObject","inLanguage":"fr-FR","@id":"https:\/\/www.chezvivi-optique.fr\/#\/schema\/logo\/image\/","url":"https:\/\/www.chezvivi-optique.fr\/wp-content\/uploads\/2026\/02\/logo-baseline-longue-horizontal-beige@3x.png","contentUrl":"https:\/\/www.chezvivi-optique.fr\/wp-content\/uploads\/2026\/02\/logo-baseline-longue-horizontal-beige@3x.png","width":1941,"height":588,"caption":"Chez Vivi - Opticien Lunetier"},"image":{"@id":"https:\/\/www.chezvivi-optique.fr\/#\/schema\/logo\/image\/"},"sameAs":["https:\/\/www.instagram.com\/chezvivi_optique\/"]}]}},"_links":{"self":[{"href":"https:\/\/www.chezvivi-optique.fr\/index.php\/wp-json\/wp\/v2\/pages\/33","targetHints":{"allow":["GET"]}}],"collection":[{"href":"https:\/\/www.chezvivi-optique.fr\/index.php\/wp-json\/wp\/v2\/pages"}],"about":[{"href":"https:\/\/www.chezvivi-optique.fr\/index.php\/wp-json\/wp\/v2\/types\/page"}],"author":[{"embeddable":true,"href":"https:\/\/www.chezvivi-optique.fr\/index.php\/wp-json\/wp\/v2\/users\/1"}],"replies":[{"embeddable":true,"href":"https:\/\/www.chezvivi-optique.fr\/index.php\/wp-json\/wp\/v2\/comments?post=33"}],"version-history":[{"count":51,"href":"https:\/\/www.chezvivi-optique.fr\/index.php\/wp-json\/wp\/v2\/pages\/33\/revisions"}],"predecessor-version":[{"id":413,"href":"https:\/\/www.chezvivi-optique.fr\/index.php\/wp-json\/wp\/v2\/pages\/33\/revisions\/413"}],"wp:featuredmedia":[{"embeddable":true,"href":"https:\/\/www.chezvivi-optique.fr\/index.php\/wp-json\/wp\/v2\/media\/39"}],"wp:attachment":[{"href":"https:\/\/www.chezvivi-optique.fr\/index.php\/wp-json\/wp\/v2\/media?parent=33"}],"curies":[{"name":"wp","href":"https:\/\/api.w.org\/{rel}","templated":true}]}}